{"id":112,"date":"2024-04-10T06:13:34","date_gmt":"2024-04-10T06:13:34","guid":{"rendered":"https:\/\/www.pitagorasek.pl\/?page_id=112"},"modified":"2026-04-14T18:25:13","modified_gmt":"2026-04-14T18:25:13","slug":"zgloszone-szkoly","status":"publish","type":"page","link":"https:\/\/www.pitagorasek.pl\/index.php\/zgloszone-szkoly\/","title":{"rendered":"Zg\u0142oszone szko\u0142y i numer przydzielonej sali."},"content":{"rendered":"\n<p>Prosz\u0119 zabra\u0107 ze sob\u0105 zgody na wykorzystanie wizerunku dziecka.<\/p>\n\n\n\n<ul class=\"wp-block-list\">\n<li>Sale znajduj\u0105 si\u0119 na I pi\u0119trze SP20<\/li>\n<\/ul>\n\n\n\n<p>Lista zostanie opublikowana 15 kwietnia 2025<\/p>\n\n\n\n\n\n\n\n<p><\/p>\n\n\n\n<p><strong><u>Przydzia\u0142 szk\u00f3\u0142 do sal<\/u><\/strong><\/p>\n\n\n\n<figure class=\"wp-block-image size-large\"><img loading=\"lazy\" decoding=\"async\" width=\"1024\" height=\"726\" src=\"https:\/\/www.pitagorasek.pl\/wp-content\/uploads\/2026\/04\/sala-121-1-1024x726.png\" alt=\"\" class=\"wp-image-214\" srcset=\"https:\/\/www.pitagorasek.pl\/wp-content\/uploads\/2026\/04\/sala-121-1-1024x726.png 1024w, https:\/\/www.pitagorasek.pl\/wp-content\/uploads\/2026\/04\/sala-121-1-300x213.png 300w, https:\/\/www.pitagorasek.pl\/wp-content\/uploads\/2026\/04\/sala-121-1-768x545.png 768w, https:\/\/www.pitagorasek.pl\/wp-content\/uploads\/2026\/04\/sala-121-1-1536x1090.png 1536w, https:\/\/www.pitagorasek.pl\/wp-content\/uploads\/2026\/04\/sala-121-1.png 1748w\" sizes=\"auto, (max-width: 1024px) 100vw, 1024px\" \/><\/figure>\n","protected":false},"excerpt":{"rendered":"<p>Prosz\u0119 zabra\u0107 ze sob\u0105 zgody na wykorzystanie wizerunku dziecka. Lista zostanie opublikowana 15 kwietnia 2025 Przydzia\u0142 szk\u00f3\u0142 do sal<\/p>\n","protected":false},"author":1,"featured_media":0,"parent":0,"menu_order":0,"comment_status":"closed","ping_status":"closed","template":"","meta":{"footnotes":""},"class_list":["post-112","page","type-page","status-publish","hentry"],"_links":{"self":[{"href":"https:\/\/www.pitagorasek.pl\/index.php\/wp-json\/wp\/v2\/pages\/112","targetHints":{"allow":["GET"]}}],"collection":[{"href":"https:\/\/www.pitagorasek.pl\/index.php\/wp-json\/wp\/v2\/pages"}],"about":[{"href":"https:\/\/www.pitagorasek.pl\/index.php\/wp-json\/wp\/v2\/types\/page"}],"author":[{"embeddable":true,"href":"https:\/\/www.pitagorasek.pl\/index.php\/wp-json\/wp\/v2\/users\/1"}],"replies":[{"embeddable":true,"href":"https:\/\/www.pitagorasek.pl\/index.php\/wp-json\/wp\/v2\/comments?post=112"}],"version-history":[{"count":13,"href":"https:\/\/www.pitagorasek.pl\/index.php\/wp-json\/wp\/v2\/pages\/112\/revisions"}],"predecessor-version":[{"id":215,"href":"https:\/\/www.pitagorasek.pl\/index.php\/wp-json\/wp\/v2\/pages\/112\/revisions\/215"}],"wp:attachment":[{"href":"https:\/\/www.pitagorasek.pl\/index.php\/wp-json\/wp\/v2\/media?parent=112"}],"curies":[{"name":"wp","href":"https:\/\/api.w.org\/{rel}","templated":true}]}}